{"id":338,"date":"2017-02-17T18:16:49","date_gmt":"2017-02-17T18:16:49","guid":{"rendered":"http:\/\/bhcomp.sk\/bum\/?page_id=338"},"modified":"2017-03-29T13:57:13","modified_gmt":"2017-03-29T12:57:13","slug":"citylight","status":"publish","type":"page","link":"http:\/\/www.bumstudio.sk\/?page_id=338","title":{"rendered":"CityLight"},"content":{"rendered":"<div id=\"pl-338\"  class=\"panel-layout\" ><div id=\"pg-338-0\"  class=\"panel-grid panel-has-style\" ><div class=\"siteorigin-panels-stretch panel-row-style panel-row-style-for-338-0\" style=\"padding: 100px 0; \" data-stretch-type=\"full\" data-overlay=\"true\" data-overlay-color=\"#000000\" ><div id=\"pgc-338-0-0\"  class=\"panel-grid-cell\" ><div id=\"panel-338-0-0-0\" class=\"so-panel widget widget_list panel-first-child panel-last-child\" data-index=\"0\" ><div style=\"text-align: left;\" data-title-color=\"#443f3f\" data-headings-color=\"#443f3f\" class=\"panel-widget-style panel-widget-style-for-338-0-0-0\" ><h3 class=\"widget-title\">Citylight<\/h3>\n\t\t<p>Citylight je reklamn\u00fdm highlightom v meste! V\u010faka presklennej a podsvietenej ploche je reklamn\u00e1 kampa\u0148 neprehliadnute\u013en\u00e1 24 hod\u00edn denne.<\/p>\n<p>Citylighty s\u00fa situovan\u00e9 na miestach s vysokou frekvenciou chodcov. Pr\u00e1ve preto citylighty prin\u00e1\u0161aj\u00fa mo\u017enos\u0165 poskytn\u00fa\u0165 viac inform\u00e1ci\u00ed o konkr\u00e9tnom produkte alebo slu\u017ebe. Citylighty, \u010di u\u017e samostojace alebo integrovan\u00e9 v zast\u00e1vkach MHD, s\u00fa ob\u013e\u00faben\u00e9 aj v\u010faka nekone\u010dn\u00fdm mo\u017enostiam kreat\u00edvnych rie\u0161en\u00ed.<\/p>\n<p>Ide o ve\u013emi popul\u00e1rny a ob\u013e\u00faben\u00fd nosi\u010d ako pre z\u00e1kazn\u00edkov, tak pre zad\u00e1vate\u013eov.<\/p>\n\t\t<ul class='roll-list'><li> Ide o ve\u013emi popul\u00e1rny a ob\u013e\u00faben\u00fd nosi\u010d ako pre z\u00e1kazn\u00edkov, tak pre zad\u00e1vate\u013eov.<\/li><li> Tla\u010d\u00edme ich na \u0161peci\u00e1lny Citylight papier ur\u010den\u00fd na podsvietenie.<\/li><\/ul>\t\t\t\t\n\t\t<\/div><\/div><\/div><div id=\"pgc-338-0-1\"  class=\"panel-grid-cell\" ><div id=\"panel-338-0-1-0\" class=\"so-panel widget widget_sow-image panel-first-child panel-last-child\" data-index=\"1\" ><div style=\"text-align: left;\" data-title-color=\"#443f3f\" data-headings-color=\"#443f3f\" class=\"panel-widget-style panel-widget-style-for-338-0-1-0\" ><div\n\t\t\t\n\t\t\tclass=\"so-widget-sow-image so-widget-sow-image-default-c67d20f9f743-338\"\n\t\t\t\n\t\t>\n\n<div class=\"sow-image-container\">\n\t\t<img loading=\"lazy\" decoding=\"async\" src=\"http:\/\/www.bumstudio.sk\/wp-content\/uploads\/2017\/02\/citylight-mfk.jpg\" width=\"801\" height=\"801\" srcset=\"http:\/\/www.bumstudio.sk\/wp-content\/uploads\/2017\/02\/citylight-mfk.jpg 801w, http:\/\/www.bumstudio.sk\/wp-content\/uploads\/2017\/02\/citylight-mfk-150x150.jpg 150w, http:\/\/www.bumstudio.sk\/wp-content\/uploads\/2017\/02\/citylight-mfk-300x300.jpg 300w, http:\/\/www.bumstudio.sk\/wp-content\/uploads\/2017\/02\/citylight-mfk-768x768.jpg 768w, http:\/\/www.bumstudio.sk\/wp-content\/uploads\/2017\/02\/citylight-mfk-180x180.jpg 180w, http:\/\/www.bumstudio.sk\/wp-content\/uploads\/2017\/02\/citylight-mfk-600x600.jpg 600w, http:\/\/www.bumstudio.sk\/wp-content\/uploads\/2017\/02\/citylight-mfk-230x230.jpg 230w, http:\/\/www.bumstudio.sk\/wp-content\/uploads\/2017\/02\/citylight-mfk-350x350.jpg 350w, http:\/\/www.bumstudio.sk\/wp-content\/uploads\/2017\/02\/citylight-mfk-480x480.jpg 480w\" sizes=\"(max-width: 801px) 100vw, 801px\" alt=\"\" \t\tclass=\"so-widget-image\"\/>\n\t<\/div>\n\n<\/div><\/div><\/div><\/div><\/div><\/div><\/div>","protected":false},"excerpt":{"rendered":"<p>Citylight Citylight je reklamn\u00fdm highlightom v meste! V\u010faka presklennej a podsvietenej ploche je reklamn\u00e1 kampa\u0148 neprehliadnute\u013en\u00e1 24 hod\u00edn denne. Citylighty s\u00fa situovan\u00e9 [&hellip;]<\/p>\n","protected":false},"author":1,"featured_media":0,"parent":0,"menu_order":0,"comment_status":"closed","ping_status":"closed","template":"page-templates\/page_front-page.php","meta":{"footnotes":""},"class_list":["post-338","page","type-page","status-publish","hentry"],"_links":{"self":[{"href":"http:\/\/www.bumstudio.sk\/index.php?rest_route=\/wp\/v2\/pages\/338"}],"collection":[{"href":"http:\/\/www.bumstudio.sk\/index.php?rest_route=\/wp\/v2\/pages"}],"about":[{"href":"http:\/\/www.bumstudio.sk\/index.php?rest_route=\/wp\/v2\/types\/page"}],"author":[{"embeddable":true,"href":"http:\/\/www.bumstudio.sk\/index.php?rest_route=\/wp\/v2\/users\/1"}],"replies":[{"embeddable":true,"href":"http:\/\/www.bumstudio.sk\/index.php?rest_route=%2Fwp%2Fv2%2Fcomments&post=338"}],"version-history":[{"count":4,"href":"http:\/\/www.bumstudio.sk\/index.php?rest_route=\/wp\/v2\/pages\/338\/revisions"}],"predecessor-version":[{"id":452,"href":"http:\/\/www.bumstudio.sk\/index.php?rest_route=\/wp\/v2\/pages\/338\/revisions\/452"}],"wp:attachment":[{"href":"http:\/\/www.bumstudio.sk\/index.php?rest_route=%2Fwp%2Fv2%2Fmedia&parent=338"}],"curies":[{"name":"wp","href":"https:\/\/api.w.org\/{rel}","templated":true}]}}