{"id":367,"date":"2017-02-17T20:57:39","date_gmt":"2017-02-17T20:57:39","guid":{"rendered":"http:\/\/bhcomp.sk\/bum\/?page_id=367"},"modified":"2017-03-29T15:01:15","modified_gmt":"2017-03-29T14:01:15","slug":"polepy","status":"publish","type":"page","link":"http:\/\/www.bumstudio.sk\/?page_id=367","title":{"rendered":"Polepy"},"content":{"rendered":"<div id=\"pl-367\"  class=\"panel-layout\" ><div id=\"pg-367-0\"  class=\"panel-grid panel-has-style\" ><div style=\"padding: 100px 0; \" data-overlay=\"true\" class=\"panel-row-style panel-row-style-for-367-0\" ><div id=\"pgc-367-0-0\"  class=\"panel-grid-cell\" ><div id=\"panel-367-0-0-0\" class=\"so-panel widget widget_list panel-first-child panel-last-child\" data-index=\"0\" ><div style=\"text-align: left;\" data-title-color=\"#443f3f\" data-headings-color=\"#443f3f\" class=\"panel-widget-style panel-widget-style-for-367-0-0-0\" ><h3 class=\"widget-title\">Polepy<\/h3>\n\t\t<p>Pon\u00fakame V\u00e1m komplexn\u00fd servis v oblasti polepu . N\u00e1\u0161 t\u00fdm pracovn\u00edkov nielen \u017ee vyhotov\u00ed komplexn\u00fd n\u00e1vrh z profesion\u00e1lnou tla\u010dou, ale zabezpe\u010d\u00ed aj jeho osadenie (vylepenie) na ur\u010den\u00e9 miesto. V\u0161etky polepy s\u00fa navrhovan\u00e9 a tla\u010den\u00e9 na najkvalitnej\u0161ie materi\u00e1ly a t\u00fdm sa zabezpe\u010duje aj ich dlhodob\u00e1 trv\u00e1cnos\u0165. <\/p>\n\t\t<ul class='roll-list'><li>Pracujeme v\u00fdhradne so zna\u010dkov\u00fdmi materi\u00e1lmi<\/li><li>Zabezpe\u010d\u00edme komplexn\u00e9 slu\u017eby<\/li><\/ul>\t\t\t\t\n\t\t<\/div><\/div><\/div><div id=\"pgc-367-0-1\"  class=\"panel-grid-cell\" ><div id=\"panel-367-0-1-0\" class=\"so-panel widget widget_sow-image panel-first-child\" data-index=\"1\" ><div style=\"text-align: left;\" data-title-color=\"#443f3f\" data-headings-color=\"#443f3f\" class=\"panel-widget-style panel-widget-style-for-367-0-1-0\" ><div\n\t\t\t\n\t\t\tclass=\"so-widget-sow-image so-widget-sow-image-default-8b5b6f678277-367\"\n\t\t\t\n\t\t>\n\n<div class=\"sow-image-container\">\n\t\t<img loading=\"lazy\" decoding=\"async\" src=\"http:\/\/www.bumstudio.sk\/wp-content\/uploads\/2017\/01\/Graphic-Design-Transparent.png\" width=\"1590\" height=\"512\" srcset=\"http:\/\/www.bumstudio.sk\/wp-content\/uploads\/2017\/01\/Graphic-Design-Transparent.png 1590w, http:\/\/www.bumstudio.sk\/wp-content\/uploads\/2017\/01\/Graphic-Design-Transparent-300x97.png 300w, http:\/\/www.bumstudio.sk\/wp-content\/uploads\/2017\/01\/Graphic-Design-Transparent-768x247.png 768w, http:\/\/www.bumstudio.sk\/wp-content\/uploads\/2017\/01\/Graphic-Design-Transparent-1024x330.png 1024w, http:\/\/www.bumstudio.sk\/wp-content\/uploads\/2017\/01\/Graphic-Design-Transparent-830x267.png 830w, http:\/\/www.bumstudio.sk\/wp-content\/uploads\/2017\/01\/Graphic-Design-Transparent-230x74.png 230w, http:\/\/www.bumstudio.sk\/wp-content\/uploads\/2017\/01\/Graphic-Design-Transparent-350x113.png 350w, http:\/\/www.bumstudio.sk\/wp-content\/uploads\/2017\/01\/Graphic-Design-Transparent-480x155.png 480w\" sizes=\"(max-width: 1590px) 100vw, 1590px\" alt=\"\" \t\tclass=\"so-widget-image\"\/>\n\t<\/div>\n\n<\/div><\/div><\/div><div id=\"panel-367-0-1-1\" class=\"so-panel widget widget_sow-headline panel-last-child\" data-index=\"2\" ><div style=\"text-align: center;\" data-title-color=\"#443f3f\" data-headings-color=\"#443f3f\" class=\"panel-widget-style panel-widget-style-for-367-0-1-1\" ><div\n\t\t\t\n\t\t\tclass=\"so-widget-sow-headline so-widget-sow-headline-default-773e1f62ced2-367\"\n\t\t\t\n\t\t><div class=\"sow-headline-container \">\n\t\t\t\t\t\t\t<p class=\"sow-headline\">\n\t\t\t\t\t\tVyberte si z na\u0161ej ponuky\t\t\t\t\t\t<\/p>\n\t\t\t\t\t\t\t\t\t\t\t<div class=\"decoration\">\n\t\t\t\t\t\t<div class=\"decoration-inside\"><\/div>\n\t\t\t\t\t<\/div>\n\t\t\t\t\t<\/div>\n<\/div><\/div><\/div><\/div><\/div><\/div><div id=\"pg-367-1\"  class=\"panel-grid panel-has-style\" ><div class=\"siteorigin-panels-stretch panel-row-style panel-row-style-for-367-1\" style=\"background-image: url(http:\/\/www.bumstudio.sk\/wp-content\/uploads\/2017\/02\/wallpapers-simple-1920x1080.jpg);padding: 100px 0; \" data-stretch-type=\"full-stretched\" data-hasbg=\"hasbg\" data-overlay=\"true\" data-overlay-color=\"#000000\" ><div id=\"pgc-367-1-0\"  class=\"panel-grid-cell panel-grid-cell-empty\" ><\/div><div id=\"pgc-367-1-1\"  class=\"panel-grid-cell\" ><div id=\"panel-367-1-1-0\" class=\"so-panel widget widget_sydney_action sydney_action_widget panel-first-child panel-last-child\" data-index=\"3\" ><div style=\"text-align: left;\" data-title-color=\"#ffffff\" data-headings-color=\"#ffffff\" class=\"panel-widget-style panel-widget-style-for-367-1-1-0\" ><h3 class=\"widget-title\">Polepy Automobilov<\/h3>        <div class=\"roll-promobox \">\r\n\t\t\t<div class=\"promo-wrap\">\r\n\t\t\t\t\t\t\t\t<div class=\"promo-content\">\r\n\t\t\t\t\t<h3 class=\"title\">Profesion\u00e1lne polepy na va\u0161e vozidl\u00e1<\/h3>\r\n\t\t\t\t<\/div>\r\n\t\t\t\t\t\t\t\t<div class=\"promo-controls\">\r\n\t\t\t\t\t<a href=\"http:\/\/www.bumstudio.sk\/?page_id=28\" class=\"roll-button border\">Polepy \u00c1ut<\/a>\r\n\t\t\t\t<\/div>\r\n\t\t\t<\/div>\r\n        <\/div>\r\n\t<\/div><\/div><\/div><div id=\"pgc-367-1-2\"  class=\"panel-grid-cell\" ><div id=\"panel-367-1-2-0\" class=\"so-panel widget widget_sydney_action sydney_action_widget panel-first-child panel-last-child\" data-index=\"4\" ><div style=\"text-align: left;\" data-title-color=\"#ffffff\" data-headings-color=\"#ffffff\" class=\"panel-widget-style panel-widget-style-for-367-1-2-0\" ><h3 class=\"widget-title\">Polepy v\u00fdkladov<\/h3>        <div class=\"roll-promobox \">\r\n\t\t\t<div class=\"promo-wrap\">\r\n\t\t\t\t\t\t\t\t<div class=\"promo-content\">\r\n\t\t\t\t\t<h3 class=\"title\">Profesion\u00e1lne polepy v\u00fdkladov <\/h3>\r\n\t\t\t\t<\/div>\r\n\t\t\t\t\t\t\t\t<div class=\"promo-controls\">\r\n\t\t\t\t\t<a href=\"http:\/\/www.bumstudio.sk\/?page_id=379\" class=\"roll-button border\">Polepy v\u00fdkladov<\/a>\r\n\t\t\t\t<\/div>\r\n\t\t\t<\/div>\r\n        <\/div>\r\n\t<\/div><\/div><\/div><div id=\"pgc-367-1-3\"  class=\"panel-grid-cell panel-grid-cell-mobile-last\" ><div id=\"panel-367-1-3-0\" class=\"so-panel widget widget_sydney_action sydney_action_widget panel-first-child panel-last-child\" data-index=\"5\" ><div style=\"text-align: left;\" data-title-color=\"#ffffff\" data-headings-color=\"#ffffff\" class=\"panel-widget-style panel-widget-style-for-367-1-3-0\" ><h3 class=\"widget-title\">Polepy interi\u00e9ru<\/h3>        <div class=\"roll-promobox \">\r\n\t\t\t<div class=\"promo-wrap\">\r\n\t\t\t\t\t\t\t\t<div class=\"promo-content\">\r\n\t\t\t\t\t<h3 class=\"title\">Profesion\u00e1lne polepy interi\u00e9ru<\/h3>\r\n\t\t\t\t<\/div>\r\n\t\t\t\t\t\t\t\t<div class=\"promo-controls\">\r\n\t\t\t\t\t<a href=\"http:\/\/www.bumstudio.sk\/?page_id=385\" class=\"roll-button border\">Polepy interi\u00e9ru<\/a>\r\n\t\t\t\t<\/div>\r\n\t\t\t<\/div>\r\n        <\/div>\r\n\t<\/div><\/div><\/div><div id=\"pgc-367-1-4\"  class=\"panel-grid-cell panel-grid-cell-empty\" ><\/div><\/div><\/div><\/div>","protected":false},"excerpt":{"rendered":"<p>Polepy Pon\u00fakame V\u00e1m komplexn\u00fd servis v oblasti polepu . N\u00e1\u0161 t\u00fdm pracovn\u00edkov nielen \u017ee vyhotov\u00ed komplexn\u00fd n\u00e1vrh z profesion\u00e1lnou tla\u010dou, ale zabezpe\u010d\u00ed [&hellip;]<\/p>\n","protected":false},"author":1,"featured_media":0,"parent":0,"menu_order":0,"comment_status":"closed","ping_status":"closed","template":"page-templates\/page_front-page.php","meta":{"footnotes":""},"class_list":["post-367","page","type-page","status-publish","hentry"],"_links":{"self":[{"href":"http:\/\/www.bumstudio.sk\/index.php?rest_route=\/wp\/v2\/pages\/367"}],"collection":[{"href":"http:\/\/www.bumstudio.sk\/index.php?rest_route=\/wp\/v2\/pages"}],"about":[{"href":"http:\/\/www.bumstudio.sk\/index.php?rest_route=\/wp\/v2\/types\/page"}],"author":[{"embeddable":true,"href":"http:\/\/www.bumstudio.sk\/index.php?rest_route=\/wp\/v2\/users\/1"}],"replies":[{"embeddable":true,"href":"http:\/\/www.bumstudio.sk\/index.php?rest_route=%2Fwp%2Fv2%2Fcomments&post=367"}],"version-history":[{"count":12,"href":"http:\/\/www.bumstudio.sk\/index.php?rest_route=\/wp\/v2\/pages\/367\/revisions"}],"predecessor-version":[{"id":459,"href":"http:\/\/www.bumstudio.sk\/index.php?rest_route=\/wp\/v2\/pages\/367\/revisions\/459"}],"wp:attachment":[{"href":"http:\/\/www.bumstudio.sk\/index.php?rest_route=%2Fwp%2Fv2%2Fmedia&parent=367"}],"curies":[{"name":"wp","href":"https:\/\/api.w.org\/{rel}","templated":true}]}}