{"id":24,"date":"2017-01-26T10:45:11","date_gmt":"2017-01-26T10:45:11","guid":{"rendered":"http:\/\/bhcomp.sk\/bum\/?page_id=24"},"modified":"2017-03-29T14:49:30","modified_gmt":"2017-03-29T13:49:30","slug":"reklamne-predmety","status":"publish","type":"page","link":"https:\/\/www.bumstudio.sk\/?page_id=24","title":{"rendered":"Reklamn\u00e9 predmety"},"content":{"rendered":"<div id=\"pl-24\"  class=\"panel-layout\" ><div id=\"pg-24-0\"  class=\"panel-grid panel-has-style\" ><div class=\"siteorigin-panels-stretch panel-row-style panel-row-style-for-24-0\" style=\"padding: 15px 0; \" data-stretch-type=\"full-stretched\" data-overlay=\"true\" ><div id=\"pgc-24-0-0\"  class=\"panel-grid-cell\" ><div id=\"panel-24-0-0-0\" class=\"so-panel widget widget_sow-hero panel-first-child panel-last-child\" data-index=\"0\" ><div style=\"text-align: center;\" data-title-color=\"#1b49b5\" data-headings-color=\"#dd9933\" class=\"panel-widget-style panel-widget-style-for-24-0-0-0\" ><div\n\t\t\t\n\t\t\tclass=\"so-widget-sow-hero so-widget-sow-hero-default-23faa8f25b6b-24 so-widget-fittext-wrapper\"\n\t\t\t data-fit-text-compressor=\"0.85\"\n\t\t>\t\t\t\t<div class=\"sow-slider-base\" style=\"display: none\" tabindex=\"0\">\n\t\t\t\t\t<ul\n\t\t\t\t\tclass=\"sow-slider-images\"\n\t\t\t\t\tdata-settings=\"{&quot;pagination&quot;:true,&quot;speed&quot;:800,&quot;timeout&quot;:3000,&quot;paused&quot;:false,&quot;pause_on_hover&quot;:false,&quot;swipe&quot;:true,&quot;nav_always_show_desktop&quot;:&quot;&quot;,&quot;nav_always_show_mobile&quot;:&quot;&quot;,&quot;breakpoint&quot;:&quot;780px&quot;,&quot;unmute&quot;:false,&quot;anchor&quot;:null}\"\n\t\t\t\t\t\t\t\t\t\tdata-anchor-id=\"\"\n\t\t\t\t>\t\t<li class=\"sow-slider-image\" style=\"visibility: visible;\" >\n\t\t\t\t\t<div class=\"sow-slider-image-container\">\n\t\t\t<div class=\"sow-slider-image-wrapper\">\n\t\t\t\t<h1 style=\"text-align: center\">Potla\u010d a v\u00fdroba reklamn\u00fdch predmetov\u00a0\u00a0<\/h1>\t\t\t<\/div>\n\t\t<\/div>\n\t\t\t\t<\/li>\n\t\t\t\t<li class=\"sow-slider-image\" style=\"visibility: hidden;\" >\n\t\t\t\t\t<div class=\"sow-slider-image-container\">\n\t\t\t<div class=\"sow-slider-image-wrapper\">\n\t\t\t\t<h1 style=\"text-align: center\">Zapa\u013eova\u010de, per\u00e1, \u0161\u00e1lky a mno\u017estvo \u010fal\u0161\u00edch ....\u00a0\u00a0<\/h1>\t\t\t<\/div>\n\t\t<\/div>\n\t\t\t\t<\/li>\n\t\t\t\t<li class=\"sow-slider-image\" style=\"visibility: hidden;\" >\n\t\t\t\t\t<div class=\"sow-slider-image-container\">\n\t\t\t<div class=\"sow-slider-image-wrapper\">\n\t\t\t\t<h1 style=\"text-align: center\">Naj\u0161ir\u0161\u00ed v\u00fdber r\u00f4znych druhov predmetov \u00a0<\/h1>\t\t\t<\/div>\n\t\t<\/div>\n\t\t\t\t<\/li>\n\t\t<\/ul>\t\t\t\t<ol class=\"sow-slider-pagination\">\n\t\t\t\t\t\t\t\t\t\t\t<li><a href=\"#\" data-goto=\"0\" aria-label=\"display slide 1\"><\/a><\/li>\n\t\t\t\t\t\t\t\t\t\t\t<li><a href=\"#\" data-goto=\"1\" aria-label=\"display slide 2\"><\/a><\/li>\n\t\t\t\t\t\t\t\t\t\t\t<li><a href=\"#\" data-goto=\"2\" aria-label=\"display slide 3\"><\/a><\/li>\n\t\t\t\t\t\t\t\t\t<\/ol>\n\n\t\t\t\t<div class=\"sow-slide-nav sow-slide-nav-next\">\n\t\t\t\t\t<a href=\"#\" data-goto=\"next\" aria-label=\"next slide\" data-action=\"next\">\n\t\t\t\t\t\t<em class=\"sow-sld-icon-thin-right\"><\/em>\n\t\t\t\t\t<\/a>\n\t\t\t\t<\/div>\n\n\t\t\t\t<div class=\"sow-slide-nav sow-slide-nav-prev\">\n\t\t\t\t\t<a href=\"#\" data-goto=\"previous\" aria-label=\"previous slide\" data-action=\"prev\">\n\t\t\t\t\t\t<em class=\"sow-sld-icon-thin-left\"><\/em>\n\t\t\t\t\t<\/a>\n\t\t\t\t<\/div>\n\t\t\t\t<\/div><\/div><\/div><\/div><\/div><\/div><\/div><div id=\"pg-24-1\"  class=\"panel-grid panel-has-style\" ><div class=\"siteorigin-panels-stretch panel-row-style panel-row-style-for-24-1\" style=\"background-image: url(https:\/\/www.bumstudio.sk\/wp-content\/uploads\/2017\/01\/lettering_letters_pink_82299_1920x1200.jpg);padding: 15px 0; \" data-stretch-type=\"full-stretched\" data-hasbg=\"hasbg\" data-overlay=\"true\" data-overlay-color=\"#000000\" ><div id=\"pgc-24-1-0\"  class=\"panel-grid-cell panel-grid-cell-empty\" ><\/div><\/div><\/div><div id=\"pg-24-2\"  class=\"panel-grid panel-has-style\" ><div style=\"padding: 100px 0; \" data-overlay=\"true\" data-overlay-color=\"#000000\" class=\"panel-row-style panel-row-style-for-24-2\" ><div id=\"pgc-24-2-0\"  class=\"panel-grid-cell\" ><div id=\"panel-24-2-0-0\" class=\"so-panel widget widget_sow-editor panel-first-child panel-last-child\" data-index=\"1\" ><div style=\"text-align: center;\" data-title-color=\"#443f3f\" data-headings-color=\"#443f3f\" class=\"panel-widget-style panel-widget-style-for-24-2-0-0\" ><div\n\t\t\t\n\t\t\tclass=\"so-widget-sow-editor so-widget-sow-editor-base\"\n\t\t\t\n\t\t><h3 class=\"widget-title\">\u0160irok\u00e1 ponuka predmetov<\/h3>\n<div class=\"siteorigin-widget-tinymce textwidget\">\n\t<p>V na\u0161ej \u0161irokej ponuke n\u00e1jdete zapa\u013eova\u010de, tri\u010dk\u00e1, per\u00e1, kancel\u00e1rske potreby, k\u013e\u00fa\u010denky, osobn\u00e9 potreby, ta\u0161ky, pe\u0148a\u017eenky, USB k\u013e\u00fa\u010de, n\u00e1radie, baterky, d\u00e1\u017edniky, \u0161portov\u00e9 potreby, hry, hodiny,\u00a0potreby do dom\u00e1cnosti, \u010diapky a \u010fa\u013e\u0161ie <strong>n\u00e1padit\u00e9 dar\u010deky<\/strong>, ktor\u00fdmi \u013eahko oslov\u00edte, pobav\u00edte ale aj pote\u0161\u00edte svojich z\u00e1kazn\u00edkov.\u00a0<\/p>\n<\/div>\n<\/div><\/div><\/div><\/div><div id=\"pgc-24-2-1\"  class=\"panel-grid-cell\" ><div id=\"panel-24-2-1-0\" class=\"so-panel widget widget_sow-slider panel-first-child panel-last-child\" data-index=\"2\" ><div style=\"text-align: left;\" data-title-color=\"#443f3f\" data-headings-color=\"#443f3f\" class=\"panel-widget-style panel-widget-style-for-24-2-1-0\" ><div\n\t\t\t\n\t\t\tclass=\"so-widget-sow-slider so-widget-sow-slider-default-6d39609536fd-24\"\n\t\t\t\n\t\t>\t\t\t\t<div class=\"sow-slider-base\" style=\"display: none\" tabindex=\"0\">\n\t\t\t\t\t<ul\n\t\t\t\t\tclass=\"sow-slider-images\"\n\t\t\t\t\tdata-settings=\"{&quot;pagination&quot;:true,&quot;speed&quot;:800,&quot;timeout&quot;:8000,&quot;paused&quot;:false,&quot;pause_on_hover&quot;:false,&quot;swipe&quot;:true,&quot;nav_always_show_desktop&quot;:&quot;&quot;,&quot;nav_always_show_mobile&quot;:&quot;&quot;,&quot;breakpoint&quot;:&quot;780px&quot;,&quot;unmute&quot;:false,&quot;anchor&quot;:null}\"\n\t\t\t\t\t\t\t\t\t\tdata-anchor-id=\"\"\n\t\t\t\t>\t\t<li class=\"sow-slider-image\" style=\"visibility: visible;\" >\n\t\t\t\t\t\t<div class=\"sow-slider-image-container\">\n\t\t\t\t<div class=\"sow-slider-image-wrapper\" style=\"max-width: 850px\">\n\t\t\t\t\t\t\t\t\t\t<div class=\"sow-slider-image-foreground-wrapper\">\n\t\t\t\t\t\t<img loading=\"lazy\" decoding=\"async\" width=\"850\" height=\"425\" src=\"https:\/\/www.bumstudio.sk\/wp-content\/uploads\/2017\/01\/2wq8ljq.png\" class=\"sow-slider-foreground-image\" alt=\"\" style=\"\" srcset=\"https:\/\/www.bumstudio.sk\/wp-content\/uploads\/2017\/01\/2wq8ljq.png 850w, https:\/\/www.bumstudio.sk\/wp-content\/uploads\/2017\/01\/2wq8ljq-300x150.png 300w, https:\/\/www.bumstudio.sk\/wp-content\/uploads\/2017\/01\/2wq8ljq-768x384.png 768w, https:\/\/www.bumstudio.sk\/wp-content\/uploads\/2017\/01\/2wq8ljq-830x415.png 830w, https:\/\/www.bumstudio.sk\/wp-content\/uploads\/2017\/01\/2wq8ljq-230x115.png 230w, https:\/\/www.bumstudio.sk\/wp-content\/uploads\/2017\/01\/2wq8ljq-350x175.png 350w, https:\/\/www.bumstudio.sk\/wp-content\/uploads\/2017\/01\/2wq8ljq-480x240.png 480w\" sizes=\"(max-width: 850px) 100vw, 850px\" \/>\t\t\t\t\t<\/div>\n\t\t\t\t\t\t\t\t\t<\/div>\n\t\t\t<\/div>\n\t\t\t\t\t<\/li>\n\t\t\t\t<li class=\"sow-slider-image\" style=\"visibility: hidden;\" >\n\t\t\t\t\t\t<div class=\"sow-slider-image-container\">\n\t\t\t\t<div class=\"sow-slider-image-wrapper\" style=\"max-width: 600px\">\n\t\t\t\t\t\t\t\t\t\t<div class=\"sow-slider-image-foreground-wrapper\">\n\t\t\t\t\t\t<img loading=\"lazy\" decoding=\"async\" width=\"600\" height=\"209\" src=\"https:\/\/www.bumstudio.sk\/wp-content\/uploads\/2017\/01\/reklamne_predmety_kolaz.png\" class=\"sow-slider-foreground-image\" alt=\"\" style=\"\" srcset=\"https:\/\/www.bumstudio.sk\/wp-content\/uploads\/2017\/01\/reklamne_predmety_kolaz.png 600w, https:\/\/www.bumstudio.sk\/wp-content\/uploads\/2017\/01\/reklamne_predmety_kolaz-300x105.png 300w, https:\/\/www.bumstudio.sk\/wp-content\/uploads\/2017\/01\/reklamne_predmety_kolaz-230x80.png 230w, https:\/\/www.bumstudio.sk\/wp-content\/uploads\/2017\/01\/reklamne_predmety_kolaz-350x122.png 350w, https:\/\/www.bumstudio.sk\/wp-content\/uploads\/2017\/01\/reklamne_predmety_kolaz-480x167.png 480w\" sizes=\"(max-width: 600px) 100vw, 600px\" \/>\t\t\t\t\t<\/div>\n\t\t\t\t\t\t\t\t\t<\/div>\n\t\t\t<\/div>\n\t\t\t\t\t<\/li>\n\t\t\t\t<li class=\"sow-slider-image\" style=\"visibility: hidden;\" >\n\t\t\t\t\t\t<img loading=\"lazy\" decoding=\"async\" width=\"940\" height=\"360\" src=\"https:\/\/www.bumstudio.sk\/wp-content\/uploads\/2017\/01\/promoitems.png\" class=\"sow-slider-background-image\" alt=\"\" style=\"\" srcset=\"https:\/\/www.bumstudio.sk\/wp-content\/uploads\/2017\/01\/promoitems.png 940w, https:\/\/www.bumstudio.sk\/wp-content\/uploads\/2017\/01\/promoitems-300x115.png 300w, https:\/\/www.bumstudio.sk\/wp-content\/uploads\/2017\/01\/promoitems-768x294.png 768w, https:\/\/www.bumstudio.sk\/wp-content\/uploads\/2017\/01\/promoitems-830x318.png 830w, https:\/\/www.bumstudio.sk\/wp-content\/uploads\/2017\/01\/promoitems-230x88.png 230w, https:\/\/www.bumstudio.sk\/wp-content\/uploads\/2017\/01\/promoitems-350x134.png 350w, https:\/\/www.bumstudio.sk\/wp-content\/uploads\/2017\/01\/promoitems-480x184.png 480w\" sizes=\"(max-width: 940px) 100vw, 940px\" \/>\t\t<\/li>\n\t\t<\/ul>\t\t\t\t<ol class=\"sow-slider-pagination\">\n\t\t\t\t\t\t\t\t\t\t\t<li><a href=\"#\" data-goto=\"0\" aria-label=\"display slide 1\"><\/a><\/li>\n\t\t\t\t\t\t\t\t\t\t\t<li><a href=\"#\" data-goto=\"1\" aria-label=\"display slide 2\"><\/a><\/li>\n\t\t\t\t\t\t\t\t\t\t\t<li><a href=\"#\" data-goto=\"2\" aria-label=\"display slide 3\"><\/a><\/li>\n\t\t\t\t\t\t\t\t\t<\/ol>\n\n\t\t\t\t<div class=\"sow-slide-nav sow-slide-nav-next\">\n\t\t\t\t\t<a href=\"#\" data-goto=\"next\" aria-label=\"next slide\" data-action=\"next\">\n\t\t\t\t\t\t<em class=\"sow-sld-icon-thin-right\"><\/em>\n\t\t\t\t\t<\/a>\n\t\t\t\t<\/div>\n\n\t\t\t\t<div class=\"sow-slide-nav sow-slide-nav-prev\">\n\t\t\t\t\t<a href=\"#\" data-goto=\"previous\" aria-label=\"previous slide\" data-action=\"prev\">\n\t\t\t\t\t\t<em class=\"sow-sld-icon-thin-left\"><\/em>\n\t\t\t\t\t<\/a>\n\t\t\t\t<\/div>\n\t\t\t\t<\/div><\/div><\/div><\/div><\/div><\/div><\/div><div id=\"pg-24-3\"  class=\"panel-grid panel-has-style\" ><div class=\"siteorigin-panels-stretch panel-row-style panel-row-style-for-24-3\" style=\"background-image: url(https:\/\/www.bumstudio.sk\/wp-content\/uploads\/2017\/01\/8c3cc1d5271a13a40c65c76b145473d7.png);padding: 15px 0; \" data-stretch-type=\"full-stretched\" data-hasbg=\"hasbg\" data-overlay=\"true\" data-overlay-color=\"#000000\" ><div id=\"pgc-24-3-0\"  class=\"panel-grid-cell\" ><div id=\"panel-24-3-0-0\" class=\"so-panel widget widget_sydney_action sydney_action_widget panel-first-child panel-last-child\" data-index=\"3\" ><div style=\"text-align: center;\" data-title-color=\"#ffffff\" data-headings-color=\"#ffffff\" class=\"panel-widget-style panel-widget-style-for-24-3-0-0\" ><h3 class=\"widget-title\">M\u00e1te z\u00e1ujem ?<\/h3>        <div class=\"roll-promobox \">\r\n\t\t\t<div class=\"promo-wrap\">\r\n\t\t\t\t\t\t\t\t<div class=\"promo-content\">\r\n\t\t\t\t\t<h3 class=\"title\">Na\u0161 team sa v\u00e1m r\u00e1d bude venova\u0165<\/h3>\r\n\t\t\t\t<\/div>\r\n\t\t\t\t\t\t\t\t<div class=\"promo-controls\">\r\n\t\t\t\t\t<a href=\"http:\/\/www.bumstudio.sk\/?page_id=7\" class=\"roll-button border\">Kontaktujte n\u00e1s !<\/a>\r\n\t\t\t\t<\/div>\r\n\t\t\t<\/div>\r\n        <\/div>\r\n\t<\/div><\/div><\/div><\/div><\/div><\/div>","protected":false},"excerpt":{"rendered":"<p>Potla\u010d a v\u00fdroba reklamn\u00fdch predmetov\u00a0\u00a0 Zapa\u013eova\u010de, per\u00e1, \u0161\u00e1lky a mno\u017estvo \u010fal\u0161\u00edch &#8230;.\u00a0\u00a0 Naj\u0161ir\u0161\u00ed v\u00fdber r\u00f4znych druhov predmetov \u00a0 \u0160irok\u00e1 ponuka predmetov V [&hellip;]<\/p>\n","protected":false},"author":1,"featured_media":0,"parent":0,"menu_order":0,"comment_status":"closed","ping_status":"closed","template":"page-templates\/page_front-page.php","meta":{"footnotes":""},"class_list":["post-24","page","type-page","status-publish","hentry"],"_links":{"self":[{"href":"https:\/\/www.bumstudio.sk\/index.php?rest_route=\/wp\/v2\/pages\/24"}],"collection":[{"href":"https:\/\/www.bumstudio.sk\/index.php?rest_route=\/wp\/v2\/pages"}],"about":[{"href":"https:\/\/www.bumstudio.sk\/index.php?rest_route=\/wp\/v2\/types\/page"}],"author":[{"embeddable":true,"href":"https:\/\/www.bumstudio.sk\/index.php?rest_route=\/wp\/v2\/users\/1"}],"replies":[{"embeddable":true,"href":"https:\/\/www.bumstudio.sk\/index.php?rest_route=%2Fwp%2Fv2%2Fcomments&post=24"}],"version-history":[{"count":6,"href":"https:\/\/www.bumstudio.sk\/index.php?rest_route=\/wp\/v2\/pages\/24\/revisions"}],"predecessor-version":[{"id":457,"href":"https:\/\/www.bumstudio.sk\/index.php?rest_route=\/wp\/v2\/pages\/24\/revisions\/457"}],"wp:attachment":[{"href":"https:\/\/www.bumstudio.sk\/index.php?rest_route=%2Fwp%2Fv2%2Fmedia&parent=24"}],"curies":[{"name":"wp","href":"https:\/\/api.w.org\/{rel}","templated":true}]}}