{"id":344,"date":"2017-02-17T18:31:00","date_gmt":"2017-02-17T18:31:00","guid":{"rendered":"http:\/\/bhcomp.sk\/bum\/?page_id=344"},"modified":"2017-03-30T08:42:45","modified_gmt":"2017-03-30T07:42:45","slug":"plagaty","status":"publish","type":"page","link":"https:\/\/www.bumstudio.sk\/?page_id=344","title":{"rendered":"Plag\u00e1ty"},"content":{"rendered":"<div id=\"pl-344\"  class=\"panel-layout\" ><div id=\"pg-344-0\"  class=\"panel-grid panel-has-style\" ><div class=\"siteorigin-panels-stretch panel-row-style panel-row-style-for-344-0\" style=\"padding: 100px 0; \" data-stretch-type=\"full\" data-overlay=\"true\" data-overlay-color=\"#000000\" ><div id=\"pgc-344-0-0\"  class=\"panel-grid-cell\" ><div id=\"panel-344-0-0-0\" class=\"so-panel widget widget_list panel-first-child panel-last-child\" data-index=\"0\" ><div style=\"text-align: left;\" data-title-color=\"#443f3f\" data-headings-color=\"#443f3f\" class=\"panel-widget-style panel-widget-style-for-344-0-0-0\" ><h3 class=\"widget-title\">Plag\u00e1ty<\/h3>\n\t\t<p>Pripravujete nejak\u00fa udalos\u0165, alebo podujatie? Dajte si vyrobi\u0165 plag\u00e1ty. \u010ci u\u017e potrebujete men\u0161ie, alebo v\u00e4\u010d\u0161ie mno\u017estvo vieme V\u00e1m ich zrealizova\u0165 za rozumn\u00fa cenu. Vy tak budete ma\u0165 pr\u00edle\u017eitos\u0165 oslovi\u0165 a zauja\u0165 miesta a \u013eud\u00ed pod\u013ea Va\u0161eho v\u00fdberu.<\/p>\n\t\t\t\t\t\t\n\t\t<\/div><\/div><\/div><div id=\"pgc-344-0-1\"  class=\"panel-grid-cell\" ><div id=\"panel-344-0-1-0\" class=\"so-panel widget widget_sow-image panel-first-child panel-last-child\" data-index=\"1\" ><div style=\"text-align: left;\" data-title-color=\"#443f3f\" data-headings-color=\"#443f3f\" class=\"panel-widget-style panel-widget-style-for-344-0-1-0\" ><div\n\t\t\t\n\t\t\tclass=\"so-widget-sow-image so-widget-sow-image-default-c67d20f9f743-344\"\n\t\t\t\n\t\t>\n\n<div class=\"sow-image-container\">\n\t\t<img loading=\"lazy\" decoding=\"async\" src=\"https:\/\/www.bumstudio.sk\/wp-content\/uploads\/2017\/02\/HK-plagat-budis-final-01.jpg\" width=\"1008\" height=\"1417\" srcset=\"https:\/\/www.bumstudio.sk\/wp-content\/uploads\/2017\/02\/HK-plagat-budis-final-01.jpg 1008w, https:\/\/www.bumstudio.sk\/wp-content\/uploads\/2017\/02\/HK-plagat-budis-final-01-213x300.jpg 213w, https:\/\/www.bumstudio.sk\/wp-content\/uploads\/2017\/02\/HK-plagat-budis-final-01-768x1080.jpg 768w, https:\/\/www.bumstudio.sk\/wp-content\/uploads\/2017\/02\/HK-plagat-budis-final-01-728x1024.jpg 728w, https:\/\/www.bumstudio.sk\/wp-content\/uploads\/2017\/02\/HK-plagat-budis-final-01-830x1167.jpg 830w, https:\/\/www.bumstudio.sk\/wp-content\/uploads\/2017\/02\/HK-plagat-budis-final-01-230x323.jpg 230w, https:\/\/www.bumstudio.sk\/wp-content\/uploads\/2017\/02\/HK-plagat-budis-final-01-350x492.jpg 350w, https:\/\/www.bumstudio.sk\/wp-content\/uploads\/2017\/02\/HK-plagat-budis-final-01-480x675.jpg 480w\" sizes=\"(max-width: 1008px) 100vw, 1008px\" alt=\"\" \t\tclass=\"so-widget-image\"\/>\n\t<\/div>\n\n<\/div><\/div><\/div><\/div><\/div><\/div><\/div>","protected":false},"excerpt":{"rendered":"<p>Plag\u00e1ty Pripravujete nejak\u00fa udalos\u0165, alebo podujatie? Dajte si vyrobi\u0165 plag\u00e1ty. \u010ci u\u017e potrebujete men\u0161ie, alebo v\u00e4\u010d\u0161ie mno\u017estvo vieme V\u00e1m ich zrealizova\u0165 za [&hellip;]<\/p>\n","protected":false},"author":1,"featured_media":0,"parent":0,"menu_order":0,"comment_status":"closed","ping_status":"closed","template":"page-templates\/page_front-page.php","meta":{"footnotes":""},"class_list":["post-344","page","type-page","status-publish","hentry"],"_links":{"self":[{"href":"https:\/\/www.bumstudio.sk\/index.php?rest_route=\/wp\/v2\/pages\/344"}],"collection":[{"href":"https:\/\/www.bumstudio.sk\/index.php?rest_route=\/wp\/v2\/pages"}],"about":[{"href":"https:\/\/www.bumstudio.sk\/index.php?rest_route=\/wp\/v2\/types\/page"}],"author":[{"embeddable":true,"href":"https:\/\/www.bumstudio.sk\/index.php?rest_route=\/wp\/v2\/users\/1"}],"replies":[{"embeddable":true,"href":"https:\/\/www.bumstudio.sk\/index.php?rest_route=%2Fwp%2Fv2%2Fcomments&post=344"}],"version-history":[{"count":4,"href":"https:\/\/www.bumstudio.sk\/index.php?rest_route=\/wp\/v2\/pages\/344\/revisions"}],"predecessor-version":[{"id":347,"href":"https:\/\/www.bumstudio.sk\/index.php?rest_route=\/wp\/v2\/pages\/344\/revisions\/347"}],"wp:attachment":[{"href":"https:\/\/www.bumstudio.sk\/index.php?rest_route=%2Fwp%2Fv2%2Fmedia&parent=344"}],"curies":[{"name":"wp","href":"https:\/\/api.w.org\/{rel}","templated":true}]}}