{"id":363,"date":"2017-02-17T20:11:08","date_gmt":"2017-02-17T20:11:08","guid":{"rendered":"http:\/\/bhcomp.sk\/bum\/?page_id=363"},"modified":"2017-02-17T20:11:08","modified_gmt":"2017-02-17T20:11:08","slug":"roll-up-bannery","status":"publish","type":"page","link":"https:\/\/www.bumstudio.sk\/?page_id=363","title":{"rendered":"Roll-up bannery"},"content":{"rendered":"<div id=\"pl-363\"  class=\"panel-layout\" ><div id=\"pg-363-0\"  class=\"panel-grid panel-has-style\" ><div class=\"siteorigin-panels-stretch panel-row-style panel-row-style-for-363-0\" style=\"padding: 100px 0; \" data-stretch-type=\"full\" data-overlay=\"true\" data-overlay-color=\"#000000\" ><div id=\"pgc-363-0-0\"  class=\"panel-grid-cell\" ><div id=\"panel-363-0-0-0\" class=\"so-panel widget widget_list panel-first-child panel-last-child\" data-index=\"0\" ><div style=\"text-align: left;\" data-title-color=\"#443f3f\" data-headings-color=\"#443f3f\" class=\"panel-widget-style panel-widget-style-for-363-0-0-0\" ><h3 class=\"widget-title\">Roll-up bannery<\/h3>\n\t\t<p>Jedna z najpou\u017e\u00edvanej\u0161\u00edch foriem indoorovej reklamy. V jednom bal\u00edku a za v\u00fdhodn\u00e9 ceny z\u00edskate plnofarebn\u00fa tla\u010d, spo\u013eahliv\u00fd syst\u00e9m a praktick\u00fa prenosn\u00fa ta\u0161ku. Je vhodn\u00fd aj pre konferencie, prezent\u00e1cie, v\u00fdstavy a maloobchod.<\/p>\n\t\t<ul class='roll-list'><li> Zabezpe\u010dujeme tla\u010d a v\u00fdmenu pl\u00e1tna na v\u0161etk\u00fdch typoch roll-upov<\/li><li> Skladn\u00fd, prenosn\u00fd a variabiln\u00fd syst\u00e9m<\/li><\/ul>\t\t\t\t\n\t\t<\/div><\/div><\/div><div id=\"pgc-363-0-1\"  class=\"panel-grid-cell\" ><div id=\"panel-363-0-1-0\" class=\"so-panel widget widget_sow-image panel-first-child panel-last-child\" data-index=\"1\" ><div style=\"text-align: left;\" data-title-color=\"#443f3f\" data-headings-color=\"#443f3f\" class=\"panel-widget-style panel-widget-style-for-363-0-1-0\" ><div\n\t\t\t\n\t\t\tclass=\"so-widget-sow-image so-widget-sow-image-default-c67d20f9f743-363\"\n\t\t\t\n\t\t>\n\n<div class=\"sow-image-container\">\n\t\t<img loading=\"lazy\" decoding=\"async\" src=\"https:\/\/www.bumstudio.sk\/wp-content\/uploads\/2017\/02\/rollup-ukazka2.jpg\" width=\"2362\" height=\"2362\" srcset=\"https:\/\/www.bumstudio.sk\/wp-content\/uploads\/2017\/02\/rollup-ukazka2.jpg 2362w, https:\/\/www.bumstudio.sk\/wp-content\/uploads\/2017\/02\/rollup-ukazka2-150x150.jpg 150w, https:\/\/www.bumstudio.sk\/wp-content\/uploads\/2017\/02\/rollup-ukazka2-300x300.jpg 300w, https:\/\/www.bumstudio.sk\/wp-content\/uploads\/2017\/02\/rollup-ukazka2-768x768.jpg 768w, https:\/\/www.bumstudio.sk\/wp-content\/uploads\/2017\/02\/rollup-ukazka2-1024x1024.jpg 1024w, https:\/\/www.bumstudio.sk\/wp-content\/uploads\/2017\/02\/rollup-ukazka2-180x180.jpg 180w, https:\/\/www.bumstudio.sk\/wp-content\/uploads\/2017\/02\/rollup-ukazka2-600x600.jpg 600w, https:\/\/www.bumstudio.sk\/wp-content\/uploads\/2017\/02\/rollup-ukazka2-830x830.jpg 830w, https:\/\/www.bumstudio.sk\/wp-content\/uploads\/2017\/02\/rollup-ukazka2-230x230.jpg 230w, https:\/\/www.bumstudio.sk\/wp-content\/uploads\/2017\/02\/rollup-ukazka2-350x350.jpg 350w, https:\/\/www.bumstudio.sk\/wp-content\/uploads\/2017\/02\/rollup-ukazka2-480x480.jpg 480w\" sizes=\"(max-width: 2362px) 100vw, 2362px\" alt=\"\" \t\tclass=\"so-widget-image\"\/>\n\t<\/div>\n\n<\/div><\/div><\/div><\/div><\/div><\/div><\/div>","protected":false},"excerpt":{"rendered":"<p>Roll-up bannery Jedna z najpou\u017e\u00edvanej\u0161\u00edch foriem indoorovej reklamy. V jednom bal\u00edku a za v\u00fdhodn\u00e9 ceny z\u00edskate plnofarebn\u00fa tla\u010d, spo\u013eahliv\u00fd syst\u00e9m a praktick\u00fa [&hellip;]<\/p>\n","protected":false},"author":1,"featured_media":0,"parent":0,"menu_order":0,"comment_status":"closed","ping_status":"closed","template":"page-templates\/page_front-page.php","meta":{"footnotes":""},"class_list":["post-363","page","type-page","status-publish","hentry"],"_links":{"self":[{"href":"https:\/\/www.bumstudio.sk\/index.php?rest_route=\/wp\/v2\/pages\/363"}],"collection":[{"href":"https:\/\/www.bumstudio.sk\/index.php?rest_route=\/wp\/v2\/pages"}],"about":[{"href":"https:\/\/www.bumstudio.sk\/index.php?rest_route=\/wp\/v2\/types\/page"}],"author":[{"embeddable":true,"href":"https:\/\/www.bumstudio.sk\/index.php?rest_route=\/wp\/v2\/users\/1"}],"replies":[{"embeddable":true,"href":"https:\/\/www.bumstudio.sk\/index.php?rest_route=%2Fwp%2Fv2%2Fcomments&post=363"}],"version-history":[{"count":2,"href":"https:\/\/www.bumstudio.sk\/index.php?rest_route=\/wp\/v2\/pages\/363\/revisions"}],"predecessor-version":[{"id":365,"href":"https:\/\/www.bumstudio.sk\/index.php?rest_route=\/wp\/v2\/pages\/363\/revisions\/365"}],"wp:attachment":[{"href":"https:\/\/www.bumstudio.sk\/index.php?rest_route=%2Fwp%2Fv2%2Fmedia&parent=363"}],"curies":[{"name":"wp","href":"https:\/\/api.w.org\/{rel}","templated":true}]}}