{"id":379,"date":"2017-02-17T21:55:19","date_gmt":"2017-02-17T21:55:19","guid":{"rendered":"http:\/\/bhcomp.sk\/bum\/?page_id=379"},"modified":"2017-02-17T22:08:19","modified_gmt":"2017-02-17T22:08:19","slug":"polepy-vykladov","status":"publish","type":"page","link":"https:\/\/www.bumstudio.sk\/?page_id=379","title":{"rendered":"Polepy V\u00fdkladov"},"content":{"rendered":"<div id=\"pl-379\"  class=\"panel-layout\" ><div id=\"pg-379-0\"  class=\"panel-grid panel-has-style\" ><div style=\"padding: 100px 0; \" data-overlay=\"true\" class=\"panel-row-style panel-row-style-for-379-0\" ><div id=\"pgc-379-0-0\"  class=\"panel-grid-cell\" ><div id=\"panel-379-0-0-0\" class=\"so-panel widget widget_list panel-first-child panel-last-child\" data-index=\"0\" ><div style=\"text-align: left;\" data-title-color=\"#443f3f\" data-headings-color=\"#443f3f\" class=\"panel-widget-style panel-widget-style-for-379-0-0-0\" ><h3 class=\"widget-title\">Polepy v\u00fdkladov<\/h3>\n\t\t<p>V\u00fdklad je jeden z typov reklamn\u00fdch priestorov, za ktor\u00e9 nemus\u00edte plati\u0165 \u017eiadny n\u00e1jom. Vyu\u017ei\u0165 ho m\u00f4\u017eete na zv\u00fdraznenie ponuky Va\u0161ich slu\u017eieb a produktov, ktor\u00e9 poskytujete. Pri na\u0161ej pr\u00e1ci pou\u017e\u00edvame len kvalitn\u00e9 materi\u00e1ly, nako\u013eko polep v\u00fdkladov patr\u00ed k exteri\u00e9rov\u00fdm polepom, ktor\u00e9 musia odola\u0165 n\u00e1ro\u010dn\u00fdm poveternostn\u00fdm podmienkam.<\/p>\n\t\t<ul class='roll-list'><li>Pracujeme v\u00fdhradne so zna\u010dkov\u00fdmi materi\u00e1lmi<\/li><li>Zabezpe\u010d\u00edme kvalitn\u00e9 aplikovanie polepu<\/li><\/ul>\t\t\t\t\t<a class=\"roll-button border\" href=\"http:\/\/bhcomp.sk\/bum\/?page_id=7\">M\u00e1te z\u00e1ujem ?<\/a>\n\t\t\t\t\n\t\t<\/div><\/div><\/div><div id=\"pgc-379-0-1\"  class=\"panel-grid-cell\" ><div id=\"panel-379-0-1-0\" class=\"so-panel widget widget_sow-image panel-first-child panel-last-child\" data-index=\"1\" ><div style=\"text-align: left;\" data-title-color=\"#443f3f\" data-headings-color=\"#443f3f\" class=\"panel-widget-style panel-widget-style-for-379-0-1-0\" ><div\n\t\t\t\n\t\t\tclass=\"so-widget-sow-image so-widget-sow-image-default-8b5b6f678277-379\"\n\t\t\t\n\t\t>\n\n<div class=\"sow-image-container\">\n\t\t<img loading=\"lazy\" decoding=\"async\" src=\"https:\/\/www.bumstudio.sk\/wp-content\/uploads\/2017\/02\/poker.jpg\" width=\"2972\" height=\"1504\" srcset=\"https:\/\/www.bumstudio.sk\/wp-content\/uploads\/2017\/02\/poker.jpg 2972w, https:\/\/www.bumstudio.sk\/wp-content\/uploads\/2017\/02\/poker-300x152.jpg 300w, https:\/\/www.bumstudio.sk\/wp-content\/uploads\/2017\/02\/poker-768x389.jpg 768w, https:\/\/www.bumstudio.sk\/wp-content\/uploads\/2017\/02\/poker-1024x518.jpg 1024w, https:\/\/www.bumstudio.sk\/wp-content\/uploads\/2017\/02\/poker-830x420.jpg 830w, https:\/\/www.bumstudio.sk\/wp-content\/uploads\/2017\/02\/poker-230x116.jpg 230w, https:\/\/www.bumstudio.sk\/wp-content\/uploads\/2017\/02\/poker-350x177.jpg 350w, https:\/\/www.bumstudio.sk\/wp-content\/uploads\/2017\/02\/poker-480x243.jpg 480w\" sizes=\"(max-width: 2972px) 100vw, 2972px\" alt=\"\" \t\tclass=\"so-widget-image\"\/>\n\t<\/div>\n\n<\/div><\/div><\/div><\/div><\/div><\/div><\/div>","protected":false},"excerpt":{"rendered":"<p>Polepy v\u00fdkladov V\u00fdklad je jeden z typov reklamn\u00fdch priestorov, za ktor\u00e9 nemus\u00edte plati\u0165 \u017eiadny n\u00e1jom. Vyu\u017ei\u0165 ho m\u00f4\u017eete na zv\u00fdraznenie ponuky Va\u0161ich [&hellip;]<\/p>\n","protected":false},"author":1,"featured_media":0,"parent":0,"menu_order":0,"comment_status":"closed","ping_status":"closed","template":"page-templates\/page_front-page.php","meta":{"footnotes":""},"class_list":["post-379","page","type-page","status-publish","hentry"],"_links":{"self":[{"href":"https:\/\/www.bumstudio.sk\/index.php?rest_route=\/wp\/v2\/pages\/379"}],"collection":[{"href":"https:\/\/www.bumstudio.sk\/index.php?rest_route=\/wp\/v2\/pages"}],"about":[{"href":"https:\/\/www.bumstudio.sk\/index.php?rest_route=\/wp\/v2\/types\/page"}],"author":[{"embeddable":true,"href":"https:\/\/www.bumstudio.sk\/index.php?rest_route=\/wp\/v2\/users\/1"}],"replies":[{"embeddable":true,"href":"https:\/\/www.bumstudio.sk\/index.php?rest_route=%2Fwp%2Fv2%2Fcomments&post=379"}],"version-history":[{"count":4,"href":"https:\/\/www.bumstudio.sk\/index.php?rest_route=\/wp\/v2\/pages\/379\/revisions"}],"predecessor-version":[{"id":390,"href":"https:\/\/www.bumstudio.sk\/index.php?rest_route=\/wp\/v2\/pages\/379\/revisions\/390"}],"wp:attachment":[{"href":"https:\/\/www.bumstudio.sk\/index.php?rest_route=%2Fwp%2Fv2%2Fmedia&parent=379"}],"curies":[{"name":"wp","href":"https:\/\/api.w.org\/{rel}","templated":true}]}}