{"id":468,"date":"2017-03-30T08:29:34","date_gmt":"2017-03-30T07:29:34","guid":{"rendered":"http:\/\/www.bumstudio.sk\/?page_id=468"},"modified":"2017-03-30T08:38:01","modified_gmt":"2017-03-30T07:38:01","slug":"reklamne-tabule","status":"publish","type":"page","link":"https:\/\/www.bumstudio.sk\/?page_id=468","title":{"rendered":"Reklamn\u00e9 tabule"},"content":{"rendered":"<div id=\"pl-468\"  class=\"panel-layout\" ><div id=\"pg-468-0\"  class=\"panel-grid panel-has-style\" ><div class=\"siteorigin-panels-stretch panel-row-style panel-row-style-for-468-0\" style=\"padding: 100px 0; \" data-stretch-type=\"full\" data-overlay=\"true\" data-overlay-color=\"#000000\" ><div id=\"pgc-468-0-0\"  class=\"panel-grid-cell\" ><div id=\"panel-468-0-0-0\" class=\"so-panel widget widget_list panel-first-child panel-last-child\" data-index=\"0\" ><div style=\"text-align: left;\" data-title-color=\"#443f3f\" data-headings-color=\"#443f3f\" class=\"panel-widget-style panel-widget-style-for-468-0-0-0\" ><h3 class=\"widget-title\">Reklamn\u00e9 tabule<\/h3>\n\t\t<p>Reklamn\u00e9 tabule - firemn\u00e9 tabule - tabule ozna\u010duj\u00face miesta, smer, \u00farady \u0161koly - v\u0161etko pod\u013ea va\u0161ich po\u017eiadaviek<\/p>\n\t\t<ul class='roll-list'><li> Mo\u017en\u00e9 aplikova\u0165 na r\u00f4zne druhy podkladov\u00e9ho materi\u00e1lu<\/li><li> Najmodernej\u0161ia aplik\u00e1cia na hlin\u00edkov\u00fd alu-bond materi\u00e1l (hlin\u00edkov\u00fd sendvi\u010d)<\/li><\/ul>\t\t\t\t\n\t\t<\/div><\/div><\/div><div id=\"pgc-468-0-1\"  class=\"panel-grid-cell\" ><div id=\"panel-468-0-1-0\" class=\"so-panel widget widget_sow-image panel-first-child panel-last-child\" data-index=\"1\" ><div style=\"text-align: left;\" data-title-color=\"#443f3f\" data-headings-color=\"#443f3f\" class=\"panel-widget-style panel-widget-style-for-468-0-1-0\" ><div\n\t\t\t\n\t\t\tclass=\"so-widget-sow-image so-widget-sow-image-default-c67d20f9f743-468\"\n\t\t\t\n\t\t>\n\n<div class=\"sow-image-container\">\n\t\t<img loading=\"lazy\" decoding=\"async\" src=\"https:\/\/www.bumstudio.sk\/wp-content\/uploads\/2017\/03\/IMG_20161107_130130.jpg\" width=\"4160\" height=\"3120\" srcset=\"https:\/\/www.bumstudio.sk\/wp-content\/uploads\/2017\/03\/IMG_20161107_130130.jpg 4160w, https:\/\/www.bumstudio.sk\/wp-content\/uploads\/2017\/03\/IMG_20161107_130130-300x225.jpg 300w, https:\/\/www.bumstudio.sk\/wp-content\/uploads\/2017\/03\/IMG_20161107_130130-768x576.jpg 768w, https:\/\/www.bumstudio.sk\/wp-content\/uploads\/2017\/03\/IMG_20161107_130130-1024x768.jpg 1024w, https:\/\/www.bumstudio.sk\/wp-content\/uploads\/2017\/03\/IMG_20161107_130130-830x623.jpg 830w, https:\/\/www.bumstudio.sk\/wp-content\/uploads\/2017\/03\/IMG_20161107_130130-230x173.jpg 230w, https:\/\/www.bumstudio.sk\/wp-content\/uploads\/2017\/03\/IMG_20161107_130130-350x263.jpg 350w, https:\/\/www.bumstudio.sk\/wp-content\/uploads\/2017\/03\/IMG_20161107_130130-480x360.jpg 480w\" sizes=\"(max-width: 4160px) 100vw, 4160px\" alt=\"\" \t\tclass=\"so-widget-image\"\/>\n\t<\/div>\n\n<\/div><\/div><\/div><\/div><\/div><\/div><\/div>","protected":false},"excerpt":{"rendered":"<p>Reklamn\u00e9 tabule Reklamn\u00e9 tabule &#8211; firemn\u00e9 tabule &#8211; tabule ozna\u010duj\u00face miesta, smer, \u00farady \u0161koly &#8211; v\u0161etko pod\u013ea va\u0161ich po\u017eiadaviek Mo\u017en\u00e9 aplikova\u0165 na [&hellip;]<\/p>\n","protected":false},"author":1,"featured_media":0,"parent":0,"menu_order":0,"comment_status":"closed","ping_status":"closed","template":"page-templates\/page_front-page.php","meta":{"footnotes":""},"class_list":["post-468","page","type-page","status-publish","hentry"],"_links":{"self":[{"href":"https:\/\/www.bumstudio.sk\/index.php?rest_route=\/wp\/v2\/pages\/468"}],"collection":[{"href":"https:\/\/www.bumstudio.sk\/index.php?rest_route=\/wp\/v2\/pages"}],"about":[{"href":"https:\/\/www.bumstudio.sk\/index.php?rest_route=\/wp\/v2\/types\/page"}],"author":[{"embeddable":true,"href":"https:\/\/www.bumstudio.sk\/index.php?rest_route=\/wp\/v2\/users\/1"}],"replies":[{"embeddable":true,"href":"https:\/\/www.bumstudio.sk\/index.php?rest_route=%2Fwp%2Fv2%2Fcomments&post=468"}],"version-history":[{"count":3,"href":"https:\/\/www.bumstudio.sk\/index.php?rest_route=\/wp\/v2\/pages\/468\/revisions"}],"predecessor-version":[{"id":472,"href":"https:\/\/www.bumstudio.sk\/index.php?rest_route=\/wp\/v2\/pages\/468\/revisions\/472"}],"wp:attachment":[{"href":"https:\/\/www.bumstudio.sk\/index.php?rest_route=%2Fwp%2Fv2%2Fmedia&parent=468"}],"curies":[{"name":"wp","href":"https:\/\/api.w.org\/{rel}","templated":true}]}}